{"id":2593,"date":"2024-12-11T17:10:21","date_gmt":"2024-12-11T16:10:21","guid":{"rendered":"https:\/\/romainkarsenty.com\/?page_id=2593"},"modified":"2025-07-27T12:33:30","modified_gmt":"2025-07-27T10:33:30","slug":"bio","status":"publish","type":"page","link":"https:\/\/romainkarsenty.com\/index.php\/bio\/","title":{"rendered":"Bio"},"content":{"rendered":"\n<p class=\"has-medium-font-size\">Romain Karsenty est accord\u00e9oniste, clavi\u00e9riste et chanteur.<\/p>\n\n\n\n<p class=\"has-medium-font-size\">Apr\u00e8s une formation de piano classique et jazz au conservatoire d\u00e9partemental de Mantes-la-Jolie (obtention d\u2019un DFE de piano classique en 2001), il se passionne pour le \u00ab\u00a0piano \u00e0 bretelles\u00a0\u00bb qu\u2019il d\u00e9cline dans diff\u00e9rents genres et avec diff\u00e9rentes formations\u00a0: du punk au musette, du swing \u00e0 la chanson fran\u00e7aise sans oublier les musiques populaires et traditionnelles de Gr\u00e8ce, Roumanie, Bulgarie ou encore, plus r\u00e9cemment, le folklore musical des iles de la R\u00e9union et de la Martinique.<\/p>\n\n\n\n<p class=\"has-medium-font-size\">Install\u00e9 \u00e0 Bruxelles depuis 2010, il ne cesse de se former aupr\u00e8s d\u2019accord\u00e9onistes fameux \u2013 Dimos Vougioukas, Aurel Budisteanu, Georgi Seymenski, Thanos Stavridis, Bastien Charlery \u2013 tout en \u00e9tant actif sur la sc\u00e8ne world francophone avec notamment le quartet <a href=\"https:\/\/youtu.be\/sMBSGH2kFik?si=qhWZg2Jv-MJEKdSB\" data-type=\"link\" data-id=\"https:\/\/youtu.be\/sMBSGH2kFik?si=qhWZg2Jv-MJEKdSB\">BALKAVIK<\/a>, le duo <a href=\"https:\/\/youtu.be\/unWinaQRbLo?si=eUkKsXs7eGgtduS8\" data-type=\"link\" data-id=\"https:\/\/facebook.com\/chantajduo\">CHANTAJ<\/a>, le <a href=\"https:\/\/francoispostic.be\/pufuletorkestar\/\" data-type=\"link\" data-id=\"https:\/\/francoispostic.be\/pufuletorkestar\/\">PUFULET ORKESTAR<\/a>, les <a href=\"https:\/\/youtu.be\/czE1f2K-X20?si=zoWjEKQUK-nDRPSf\" data-type=\"link\" data-id=\"https:\/\/youtu.be\/czE1f2K-X20?si=zoWjEKQUK-nDRPSf\">POISSONS VOYAGEURS<\/a>, le trio <a href=\"https:\/\/www.facebook.com\/cafecolaj\" data-type=\"link\" data-id=\"https:\/\/www.facebook.com\/cafecolaj\">CAF\u00c9 COLAJ<\/a> ou encore la fanfare <a href=\"https:\/\/www.inillotempore.net\/zwazo\" data-type=\"link\" data-id=\"https:\/\/www.inillotempore.net\/zwazo\">ZWAZO<\/a>. \u00a0<\/p>\n\n\n\n<p class=\"has-medium-font-size\">Musicien de sc\u00e8ne depuis 2005, il a particip\u00e9 \u00e0 de nombreux projets et groupes fran\u00e7ais et belges tels que <a href=\"https:\/\/youtu.be\/5SsahlEmB9c?si=G77oUR4pC6-AV_Jl\" data-type=\"link\" data-id=\"https:\/\/youtu.be\/5SsahlEmB9c?si=G77oUR4pC6-AV_Jl\">Jabul Gorba<\/a> (entre 2007 et 2017), <a href=\"https:\/\/youtu.be\/PAnQGjEG1qM?si=zX1JMoyNOUcK70sQ\" data-type=\"link\" data-id=\"https:\/\/youtu.be\/PAnQGjEG1qM?si=zX1JMoyNOUcK70sQ\">Les Taupes qui boivent du lait<\/a> (entre 2012 et 2019), <a href=\"https:\/\/youtu.be\/ra2yU7W_zcI?si=NnM2HtBucRZjJl1Y\" data-type=\"link\" data-id=\"https:\/\/youtu.be\/ra2yU7W_zcI?si=NnM2HtBucRZjJl1Y\">Laid Comme Vous<\/a> (2012-2018), <a href=\"https:\/\/youtu.be\/HMmiJ3QQp-k?si=_k60FFVz4sPf-Ber\" data-type=\"link\" data-id=\"https:\/\/youtu.be\/HMmiJ3QQp-k?si=_k60FFVz4sPf-Ber\">Wata Wata<\/a> (2015-2023) et <a href=\"https:\/\/youtu.be\/vOgyvz3Hk6g?si=eLyqPEnQccF2GpCd\" data-type=\"link\" data-id=\"https:\/\/youtu.be\/vOgyvz3Hk6g?si=eLyqPEnQccF2GpCd\">La Soufflette<\/a> (2021-2023).<\/p>\n\n\n\n<p class=\"has-medium-font-size\">Romain Karsenty est par ailleurs titulaire d\u2019un doctorat en philosophie obtenu en 2021 \u00e0 l\u2019universit\u00e9 Saint-Louis de Bruxelles, o\u00f9 il a enseign\u00e9 comme assistant entre 2015 et 2022. Il est notamment l&rsquo;auteur d\u2019un bref ouvrage paru en 2022 aux \u00e9ditions Kim\u00e9, <em><a href=\"https:\/\/editionskime.fr\/produit\/le-germe-grec-de-la-democratie\/\" data-type=\"link\" data-id=\"https:\/\/editionskime.fr\/produit\/le-germe-grec-de-la-democratie\/\">Le germe grec de la d\u00e9mocratie. Castoriadis et Arendt en dialogue<\/a><\/em>.<\/p>\n\n\n\n<p><\/p>\n","protected":false},"excerpt":{"rendered":"<p>Romain Karsenty est accord\u00e9oniste, clavi\u00e9riste et chanteur. Apr\u00e8s une formation de piano classique et jazz au conservatoire d\u00e9partemental de Mantes-la-Jolie (obtention d\u2019un DFE de piano classique en 2001), il se passionne pour le \u00ab\u00a0piano \u00e0 bretelles\u00a0\u00bb qu\u2019il d\u00e9cline dans diff\u00e9rents&#8230;<\/p>\n","protected":false},"author":1,"featured_media":0,"parent":0,"menu_order":0,"comment_status":"closed","ping_status":"closed","template":"","meta":{"footnotes":""},"class_list":["post-2593","page","type-page","status-publish","hentry"],"_links":{"self":[{"href":"https:\/\/romainkarsenty.com\/index.php\/wp-json\/wp\/v2\/pages\/2593","targetHints":{"allow":["GET"]}}],"collection":[{"href":"https:\/\/romainkarsenty.com\/index.php\/wp-json\/wp\/v2\/pages"}],"about":[{"href":"https:\/\/romainkarsenty.com\/index.php\/wp-json\/wp\/v2\/types\/page"}],"author":[{"embeddable":true,"href":"https:\/\/romainkarsenty.com\/index.php\/wp-json\/wp\/v2\/users\/1"}],"replies":[{"embeddable":true,"href":"https:\/\/romainkarsenty.com\/index.php\/wp-json\/wp\/v2\/comments?post=2593"}],"version-history":[{"count":17,"href":"https:\/\/romainkarsenty.com\/index.php\/wp-json\/wp\/v2\/pages\/2593\/revisions"}],"predecessor-version":[{"id":2770,"href":"https:\/\/romainkarsenty.com\/index.php\/wp-json\/wp\/v2\/pages\/2593\/revisions\/2770"}],"wp:attachment":[{"href":"https:\/\/romainkarsenty.com\/index.php\/wp-json\/wp\/v2\/media?parent=2593"}],"curies":[{"name":"wp","href":"https:\/\/api.w.org\/{rel}","templated":true}]}}